{"id":1397,"date":"2013-07-20T16:21:54","date_gmt":"2013-07-20T15:21:54","guid":{"rendered":"http:\/\/nepsie.fr\/leblog\/?page_id=1397"},"modified":"2014-09-02T18:51:20","modified_gmt":"2014-09-02T17:51:20","slug":"contact","status":"publish","type":"page","link":"http:\/\/nepsie.fr\/leblog\/contact\/","title":{"rendered":"Qui suis-je ?"},"content":{"rendered":"<p>Qui suis-je ? Ici je suis juste une blogueuse \ud83d\ude09<\/p>\n<p>Plus le temps passe, plus l&rsquo;impression de n&rsquo;\u00eatre qu&rsquo;un miroir de mes lecteurs se fait sentir. Alors, si vous \u00eates ici il se peut qu&rsquo;on ait des choses en commun. Moi \u00e7a m&rsquo;arrange, j&rsquo;aime bien \u00e7a. J&rsquo;aime bien \u00e9changer avec des gens proches de ma sensibilit\u00e9. Ici vous trouverez mes r\u00e9flexions sur tout ce qui me passe par la t\u00eate. Rien d&rsquo;extraordinaire, juste en parler, juste mettre \u00e0 l&rsquo;\u00e9crit le tout et le dessiner. J&rsquo;ai la chance de pouvoir faire passer des messages comme \u00e7a, profitons-en, peu importe qu&rsquo;on soit nombreux ici ou non. Bonne visite !<\/p>\n<p><strong>Si vous souhaitez en savoir un peu plus je vous renvoie \u00e0 mon site perso : <a title=\"Nepsie - Graphiste illustratrice - Tours\" href=\"http:\/\/nepsie.fr\/\" target=\"_blank\">http:\/\/nepsie.fr<\/a><\/strong><\/p>\n<p><strong>Pour me suivre sur Facebook c&rsquo;est ici : <a href=\"https:\/\/www.facebook.com\/pages\/Le-Blog-dune-Gentille\/220704981309398\" target=\"_blank\">Le blog d&rsquo;une gentille<\/a><\/strong><\/p>\n<p><strong>Pour Twitter, c&rsquo;est l\u00e0 : <a href=\"https:\/\/twitter.com\/_Nepsie_\" target=\"_blank\">Nepsie<\/a><\/strong><\/p>\n<p>Si enfin vous ne trouvez de r\u00e9ponse nulle part \u00e0 votre question ( qui me concerne au moins un peu, parce que sinon je ne serai surement pas tr\u00e8s utile) vous pouvez me contacter via ce formulaire !<\/p>\n\n\n<!-- Fast Secure Contact Form plugin 4.0.52 - begin - FastSecureContactForm.com -->\r\n<div style=\"clear:both;\"><\/div>\n\r\n<div id=\"FSContact4\" style=\"width:375px;\">\r\n<form action=\"http:\/\/nepsie.fr\/leblog\/wp-json\/wp\/v2\/pages\/1397#FSContact4\" id=\"fscf_form4\" method=\"post\">\r\n\n<div id=\"fscf_required4\">\n  <span style=\"text-align:left;\">*<\/span> <span style=\"text-align:left;\">indique un champ requis<\/span>\n<\/div>\n\n\n<div id=\"fscf_div_clear4_0\" style=\"clear:both;\">\n  <div id=\"fscf_div_field4_0\" style=\"clear:left; float:left; width:99%; max-width:550px; margin-right:10px;\">\r\n    <div style=\"text-align:left; padding-top:5px;\">\n      <label style=\"text-align:left;\" for=\"fscf_name4\">Nom<span style=\"text-align:left;\">*<\/span><\/label>\n    <\/div>\r\n    <div style=\"text-align:left;\">\r\n      <input style=\"text-align:left; margin:0;\" type=\"text\" id=\"fscf_name4\" name=\"full_name\" value=\"\"  readonly=\"readonly\" \/>\r\n    <\/div>\r\n  <\/div>\n<\/div>\n\n<div id=\"fscf_div_clear4_1\" style=\"clear:both;\">\n  <div id=\"fscf_div_field4_1\" style=\"clear:left; float:left; width:99%; max-width:550px; margin-right:10px;\">\n    <div style=\"text-align:left; padding-top:5px;\">\n      <label style=\"text-align:left;\" for=\"fscf_email4\">Courriel<span style=\"text-align:left;\">*<\/span><\/label>\n    <\/div>\n    <div style=\"text-align:left;\">\n      <input style=\"text-align:left; margin:0;\" type=\"text\" id=\"fscf_email4\" name=\"email\" value=\"\"  readonly=\"readonly\" \/>\n    <\/div>\n  <\/div>\n<\/div>\n\n<div id=\"fscf_div_clear4_2\" style=\"clear:both;\">\n  <div id=\"fscf_div_field4_2\" style=\"clear:left; float:left; width:99%; max-width:550px; margin-right:10px;\">\n    <div style=\"text-align:left; padding-top:5px;\">\n      <label style=\"text-align:left;\" for=\"fscf_field4_2\">Sujet<span style=\"text-align:left;\">*<\/span><\/label>\n    <\/div>\n    <div style=\"text-align:left;\">\n      <input style=\"text-align:left; margin:0;\" type=\"text\" id=\"fscf_field4_2\" name=\"subject\" value=\"\"  \/>\n    <\/div>\n  <\/div>\n<\/div>\n\n<div id=\"fscf_div_clear4_3\" style=\"clear:both;\">\n  <div id=\"fscf_div_field4_3\" style=\"clear:left; float:left; width:99%; max-width:550px; margin-right:10px;\">\n    <div style=\"text-align:left; padding-top:5px;\">\n      <label style=\"text-align:left;\" for=\"fscf_field4_3\">Message<span style=\"text-align:left;\">*<\/span><\/label>\n    <\/div>\n    <div style=\"text-align:left;\">\n      <textarea style=\"text-align:left; margin:0; width:99%; max-width:250px; height:120px;\" id=\"fscf_field4_3\" name=\"message\" cols=\"30\" rows=\"10\" ><\/textarea>\n    <\/div>\n  <\/div>\n<\/div>\r\n<div style=\"clear:both;\"><\/div>\n\n<div id=\"fscf_submit_div4\" style=\"text-align:left; padding-top:2px;\">\r\n\t\t<input type=\"submit\" id=\"fscf_submit4\" style=\"cursor:pointer; margin:0;\" value=\"Envoyer\"  onclick=\"this.disabled=true; this.value='Soumis...'; this.form.submit();\" \/> \n<\/div>\n\n<input type=\"hidden\" name=\"fscf_submitted\" value=\"0\" \/>\n<input type=\"hidden\" name=\"fs_postonce_4\" value=\"74aa992e3b7b3c4429c8e5341e4e89d5,1775710896\" \/>\n<input type=\"hidden\" name=\"si_contact_action\" value=\"send\" \/>\n<input type=\"hidden\" name=\"form_id\" value=\"4\" \/>\n<input type=\"hidden\" name=\"mailto_id\" value=\"1\" \/>\n\n<\/form>\n<\/div>\r\n<div style=\"clear:both;\"><\/div>\n\n<!-- Fast Secure Contact Form plugin 4.0.52 - end - FastSecureContactForm.com -->\n\n<p>&nbsp;<\/p>\n<p><span style=\"color: #ffffff;\">.<\/span><\/p>\n<p><span style=\"color: #ffffff;\">.<\/span><\/p>\n","protected":false},"excerpt":{"rendered":"<p>Qui suis-je ? Ici je suis juste une blogueuse \ud83d\ude09 Plus le temps passe, plus l&rsquo;impression de n&rsquo;\u00eatre qu&rsquo;un miroir de mes lecteurs se fait sentir. Alors, si vous \u00eates ici il se peut qu&rsquo;on ait des choses en commun. Moi \u00e7a m&rsquo;arrange, j&rsquo;aime bien \u00e7a. J&rsquo;aime bien \u00e9changer avec des gens proches de ma [&hellip;]<\/p>\n","protected":false},"author":1,"featured_media":0,"parent":0,"menu_order":0,"comment_status":"closed","ping_status":"open","template":"","meta":{"_vp_format_video_url":"","_vp_image_focal_point":[]},"_links":{"self":[{"href":"http:\/\/nepsie.fr\/leblog\/wp-json\/wp\/v2\/pages\/1397"}],"collection":[{"href":"http:\/\/nepsie.fr\/leblog\/wp-json\/wp\/v2\/pages"}],"about":[{"href":"http:\/\/nepsie.fr\/leblog\/wp-json\/wp\/v2\/types\/page"}],"author":[{"embeddable":true,"href":"http:\/\/nepsie.fr\/leblog\/wp-json\/wp\/v2\/users\/1"}],"replies":[{"embeddable":true,"href":"http:\/\/nepsie.fr\/leblog\/wp-json\/wp\/v2\/comments?post=1397"}],"version-history":[{"count":13,"href":"http:\/\/nepsie.fr\/leblog\/wp-json\/wp\/v2\/pages\/1397\/revisions"}],"predecessor-version":[{"id":2440,"href":"http:\/\/nepsie.fr\/leblog\/wp-json\/wp\/v2\/pages\/1397\/revisions\/2440"}],"wp:attachment":[{"href":"http:\/\/nepsie.fr\/leblog\/wp-json\/wp\/v2\/media?parent=1397"}],"curies":[{"name":"wp","href":"https:\/\/api.w.org\/{rel}","templated":true}]}}